{"id":22,"date":"2025-08-28T10:46:27","date_gmt":"2025-08-28T10:46:27","guid":{"rendered":"https:\/\/ivory-monkey-702922.hostingersite.com\/?page_id=22"},"modified":"2026-01-27T04:52:42","modified_gmt":"2026-01-27T04:52:42","slug":"register-der-zugelassenen-lieferanten-zertifizierungen","status":"publish","type":"page","link":"https:\/\/elecport.net\/de\/register-der-zugelassenen-lieferanten-zertifizierungen\/","title":{"rendered":"Register der zugelassenen Lieferanten &amp; Zertifizierungen"},"content":{"rendered":"<div data-elementor-type=\"wp-page\" data-elementor-id=\"22\" class=\"elementor elementor-22\" data-elementor-post-type=\"page\">\n\t\t\t\t<div class=\"elementor-element elementor-element-1f439c1 e-flex e-con-boxed e-con e-parent\" data-id=\"1f439c1\" data-element_type=\"container\" data-e-type=\"container\" data-settings=\"{&quot;background_background&quot;:&quot;classic&quot;}\">\n\t\t\t\t\t<div class=\"e-con-inner\">\n\t\t<div class=\"elementor-element elementor-element-9e1656f e-con-full e-transform e-flex e-con e-child\" data-id=\"9e1656f\" data-element_type=\"container\" data-e-type=\"container\" data-settings=\"{&quot;background_background&quot;:&quot;classic&quot;,&quot;position&quot;:&quot;absolute&quot;,&quot;_transform_skewX_effect&quot;:{&quot;unit&quot;:&quot;px&quot;,&quot;size&quot;:-40,&quot;sizes&quot;:[]},&quot;_transform_skewX_effect_tablet&quot;:{&quot;unit&quot;:&quot;deg&quot;,&quot;size&quot;:&quot;&quot;,&quot;sizes&quot;:[]},&quot;_transform_skewX_effect_mobile&quot;:{&quot;unit&quot;:&quot;deg&quot;,&quot;size&quot;:&quot;&quot;,&quot;sizes&quot;:[]},&quot;_transform_skewY_effect&quot;:{&quot;unit&quot;:&quot;px&quot;,&quot;size&quot;:&quot;&quot;,&quot;sizes&quot;:[]},&quot;_transform_skewY_effect_tablet&quot;:{&quot;unit&quot;:&quot;deg&quot;,&quot;size&quot;:&quot;&quot;,&quot;sizes&quot;:[]},&quot;_transform_skewY_effect_mobile&quot;:{&quot;unit&quot;:&quot;deg&quot;,&quot;size&quot;:&quot;&quot;,&quot;sizes&quot;:[]}}\">\n\t\t\t\t<\/div>\n\t\t<div class=\"elementor-element elementor-element-4583098 e-con-full e-transform e-flex e-con e-child\" data-id=\"4583098\" data-element_type=\"container\" data-e-type=\"container\" data-settings=\"{&quot;background_background&quot;:&quot;classic&quot;,&quot;position&quot;:&quot;absolute&quot;,&quot;_transform_skewX_effect&quot;:{&quot;unit&quot;:&quot;px&quot;,&quot;size&quot;:-40,&quot;sizes&quot;:[]},&quot;_transform_skewX_effect_tablet&quot;:{&quot;unit&quot;:&quot;deg&quot;,&quot;size&quot;:&quot;&quot;,&quot;sizes&quot;:[]},&quot;_transform_skewX_effect_mobile&quot;:{&quot;unit&quot;:&quot;deg&quot;,&quot;size&quot;:&quot;&quot;,&quot;sizes&quot;:[]},&quot;_transform_skewY_effect&quot;:{&quot;unit&quot;:&quot;px&quot;,&quot;size&quot;:&quot;&quot;,&quot;sizes&quot;:[]},&quot;_transform_skewY_effect_tablet&quot;:{&quot;unit&quot;:&quot;deg&quot;,&quot;size&quot;:&quot;&quot;,&quot;sizes&quot;:[]},&quot;_transform_skewY_effect_mobile&quot;:{&quot;unit&quot;:&quot;deg&quot;,&quot;size&quot;:&quot;&quot;,&quot;sizes&quot;:[]}}\">\n\t\t\t\t<\/div>\n\t\t\t\t<div class=\"elementor-element elementor-element-304b5fd elementor-widget__width-initial elementor-widget-mobile__width-initial elementor-invisible elementor-widget elementor-widget-heading\" data-id=\"304b5fd\" data-element_type=\"widget\" data-e-type=\"widget\" data-settings=\"{&quot;_animation&quot;:&quot;fadeInLeft&quot;}\" data-widget_type=\"heading.default\">\n\t\t\t\t\t<h2 class=\"elementor-heading-title elementor-size-default\">Register der zugelassenen Lieferanten &amp; Zertifizierungen<\/h2>\t\t\t\t<\/div>\n\t\t\t\t\t<\/div>\n\t\t\t\t<\/div>\n\t\t<div class=\"elementor-element elementor-element-dd91edc e-flex e-con-boxed e-con e-parent\" data-id=\"dd91edc\" data-element_type=\"container\" data-e-type=\"container\" data-settings=\"{&quot;background_background&quot;:&quot;classic&quot;}\">\n\t\t\t\t\t<div class=\"e-con-inner\">\n\t\t\t\t<div class=\"elementor-element elementor-element-6594e2d elementor-widget__width-initial elementor-invisible elementor-widget elementor-widget-text-editor\" data-id=\"6594e2d\" data-element_type=\"widget\" data-e-type=\"widget\" data-settings=\"{&quot;_animation&quot;:&quot;fadeInUp&quot;}\" data-widget_type=\"text-editor.default\">\n\t\t\t\t\t\t\t\t\t<p>Elec Port hat Kriterien f\u00fcr die erste Anfrage zur Zusammenarbeit und das Feedback zur Zusammenarbeit festgelegt. Wenn eine neue Einkaufsquelle gew\u00e4hlt wird - insbesondere innerhalb unseres umfangreichen Netzwerks von qualifizierten Lieferanten in ganz Asien - f\u00fchrt Elec Port ein strenges Genehmigungs- und Ablehnungsverfahren durch. Dieser Prozess stellt sicher, dass unsere Kernstandards eingehalten werden, einschlie\u00dflich der Reputation des Lieferanten, der strengen Qualit\u00e4tskontrolle (in \u00dcbereinstimmung mit unserer Verpflichtung zu hochwertigen elektronischen Komponenten) und der in unserer Bestellung festgelegten Zahlungsbedingungen. Elec Port verlangt sowohl von neuen als auch von bestehenden Lieferanten, dass sie bei der Annahme einer Bestellung die wichtigsten Anforderungen akzeptieren und best\u00e4tigen, dass sie diese verstanden haben: Dazu geh\u00f6ren die Anforderungen an die Spezifikation der elektronischen Komponenten, die Anforderungen an den Kundenfluss, die Einhaltung der Zollbestimmungen sowie die in der Bestellung festgelegten Lieferzeiten und -bedingungen.<\/p><p>Mit mehr als 10 Jahren Erfahrung im weltweiten Vertrieb elektronischer Komponenten hat Elec Port sein Verst\u00e4ndnis f\u00fcr die entscheidende Bedeutung eines robusten Qualit\u00e4tsmanagementsystems vertieft. Wir haben systematische Prozesse eingef\u00fchrt, um Risiken in der Lieferkette zu identifizieren und zu managen - sei es bei der Beschaffung zugewiesener, veralteter oder schwer zu findender Teile oder bei der Lieferung von Hochleistungschips f\u00fcr KI-Anwendungen der n\u00e4chsten Generation - um sicherzustellen, dass wir unseren Kunden elektronische Komponenten h\u00f6chster Qualit\u00e4t liefern.<\/p>\t\t\t\t\t\t\t\t<\/div>\n\t\t\t\t\t<\/div>\n\t\t\t\t<\/div>\n\t\t\t\t<\/div>","protected":false},"excerpt":{"rendered":"<p>Elec Port hat Kriterien f\u00fcr die erste Anfrage zur Zusammenarbeit und das Feedback zur Zusammenarbeit festgelegt. Wenn eine neue Einkaufsquelle gew\u00e4hlt wird - insbesondere innerhalb unseres umfangreichen Netzwerks von qualifizierten Lieferanten in ganz Asien - f\u00fchrt Elec Port ein strenges Genehmigungs- und Ablehnungsverfahren durch. Dieser Prozess gew\u00e4hrleistet die Einhaltung unserer Kernstandards, einschlie\u00dflich der Reputation des Lieferanten, der strengen Qualit\u00e4tskontrolle (in \u00dcbereinstimmung mit unserer Verpflichtung [...]<\/p>","protected":false},"author":1,"featured_media":0,"parent":0,"menu_order":0,"comment_status":"closed","ping_status":"closed","template":"elementor_header_footer","meta":{"_acf_changed":false,"footnotes":""},"class_list":["post-22","page","type-page","status-publish","hentry"],"acf":[],"_hostinger_reach_plugin_has_subscription_block":false,"_hostinger_reach_plugin_is_elementor":false,"_links":{"self":[{"href":"https:\/\/elecport.net\/de\/wp-json\/wp\/v2\/pages\/22","targetHints":{"allow":["GET"]}}],"collection":[{"href":"https:\/\/elecport.net\/de\/wp-json\/wp\/v2\/pages"}],"about":[{"href":"https:\/\/elecport.net\/de\/wp-json\/wp\/v2\/types\/page"}],"author":[{"embeddable":true,"href":"https:\/\/elecport.net\/de\/wp-json\/wp\/v2\/users\/1"}],"replies":[{"embeddable":true,"href":"https:\/\/elecport.net\/de\/wp-json\/wp\/v2\/comments?post=22"}],"version-history":[{"count":25,"href":"https:\/\/elecport.net\/de\/wp-json\/wp\/v2\/pages\/22\/revisions"}],"predecessor-version":[{"id":921573,"href":"https:\/\/elecport.net\/de\/wp-json\/wp\/v2\/pages\/22\/revisions\/921573"}],"wp:attachment":[{"href":"https:\/\/elecport.net\/de\/wp-json\/wp\/v2\/media?parent=22"}],"curies":[{"name":"wp","href":"https:\/\/api.w.org\/{rel}","templated":true}]}}