{"id":20,"date":"2025-08-28T10:45:53","date_gmt":"2025-08-28T10:45:53","guid":{"rendered":"https:\/\/ivory-monkey-702922.hostingersite.com\/?page_id=20"},"modified":"2025-09-10T10:45:44","modified_gmt":"2025-09-10T10:45:44","slug":"asien-hoher-qualitatsstandard","status":"publish","type":"page","link":"https:\/\/elecport.net\/de\/asien-hoher-qualitatsstandard\/","title":{"rendered":"Hoher asiatischer Qualit\u00e4tsstandard"},"content":{"rendered":"<div data-elementor-type=\"wp-page\" data-elementor-id=\"20\" class=\"elementor elementor-20\" data-elementor-post-type=\"page\">\n\t\t\t\t<div class=\"elementor-element elementor-element-767b578 e-flex e-con-boxed e-con e-parent\" data-id=\"767b578\" data-element_type=\"container\" data-settings=\"{&quot;background_background&quot;:&quot;classic&quot;}\">\n\t\t\t\t\t<div class=\"e-con-inner\">\n\t\t<div class=\"elementor-element elementor-element-d042265 e-con-full e-transform e-flex e-con e-child\" data-id=\"d042265\" data-element_type=\"container\" data-settings=\"{&quot;background_background&quot;:&quot;classic&quot;,&quot;position&quot;:&quot;absolute&quot;,&quot;_transform_skewX_effect&quot;:{&quot;unit&quot;:&quot;px&quot;,&quot;size&quot;:-40,&quot;sizes&quot;:[]},&quot;_transform_skewX_effect_tablet&quot;:{&quot;unit&quot;:&quot;deg&quot;,&quot;size&quot;:&quot;&quot;,&quot;sizes&quot;:[]},&quot;_transform_skewX_effect_mobile&quot;:{&quot;unit&quot;:&quot;deg&quot;,&quot;size&quot;:&quot;&quot;,&quot;sizes&quot;:[]},&quot;_transform_skewY_effect&quot;:{&quot;unit&quot;:&quot;px&quot;,&quot;size&quot;:&quot;&quot;,&quot;sizes&quot;:[]},&quot;_transform_skewY_effect_tablet&quot;:{&quot;unit&quot;:&quot;deg&quot;,&quot;size&quot;:&quot;&quot;,&quot;sizes&quot;:[]},&quot;_transform_skewY_effect_mobile&quot;:{&quot;unit&quot;:&quot;deg&quot;,&quot;size&quot;:&quot;&quot;,&quot;sizes&quot;:[]}}\">\n\t\t\t\t<\/div>\n\t\t<div class=\"elementor-element elementor-element-9e7d7c7 e-con-full e-transform e-flex e-con e-child\" data-id=\"9e7d7c7\" data-element_type=\"container\" data-settings=\"{&quot;background_background&quot;:&quot;classic&quot;,&quot;position&quot;:&quot;absolute&quot;,&quot;_transform_skewX_effect&quot;:{&quot;unit&quot;:&quot;px&quot;,&quot;size&quot;:-40,&quot;sizes&quot;:[]},&quot;_transform_skewX_effect_tablet&quot;:{&quot;unit&quot;:&quot;deg&quot;,&quot;size&quot;:&quot;&quot;,&quot;sizes&quot;:[]},&quot;_transform_skewX_effect_mobile&quot;:{&quot;unit&quot;:&quot;deg&quot;,&quot;size&quot;:&quot;&quot;,&quot;sizes&quot;:[]},&quot;_transform_skewY_effect&quot;:{&quot;unit&quot;:&quot;px&quot;,&quot;size&quot;:&quot;&quot;,&quot;sizes&quot;:[]},&quot;_transform_skewY_effect_tablet&quot;:{&quot;unit&quot;:&quot;deg&quot;,&quot;size&quot;:&quot;&quot;,&quot;sizes&quot;:[]},&quot;_transform_skewY_effect_mobile&quot;:{&quot;unit&quot;:&quot;deg&quot;,&quot;size&quot;:&quot;&quot;,&quot;sizes&quot;:[]}}\">\n\t\t\t\t<\/div>\n\t\t\t\t<div class=\"elementor-element elementor-element-0a50f68 elementor-widget__width-initial elementor-widget-mobile__width-initial elementor-invisible elementor-widget elementor-widget-heading\" data-id=\"0a50f68\" data-element_type=\"widget\" data-settings=\"{&quot;_animation&quot;:&quot;fadeInLeft&quot;}\" data-widget_type=\"heading.default\">\n\t\t\t\t\t<h2 class=\"elementor-heading-title elementor-size-default\">Hoher asiatischer Qualit\u00e4tsstandard<\/h2>\t\t\t\t<\/div>\n\t\t\t\t\t<\/div>\n\t\t\t\t<\/div>\n\t\t<div class=\"elementor-element elementor-element-c9459d8 e-flex e-con-boxed e-con e-parent\" data-id=\"c9459d8\" data-element_type=\"container\">\n\t\t\t\t\t<div class=\"e-con-inner\">\n\t\t\t\t<div class=\"elementor-element elementor-element-0d41215 elementor-widget__width-initial elementor-widget elementor-widget-text-editor\" data-id=\"0d41215\" data-element_type=\"widget\" data-widget_type=\"text-editor.default\">\n\t\t\t\t\t\t\t\t\t<p>Elec Port nutzt unser hauseigenes Labor und das Labor eines Drittanbieters, in dem wir eine Vielzahl von Dienstleistungen anbieten, die auf die Qualit\u00e4tssicherung elektronischer Komponenten zugeschnitten sind, einschlie\u00dflich der Erkennung von F\u00e4lschungen, der Qualit\u00e4tspr\u00fcfung und der Leistungsvalidierung. Alle elektronischen Komponenten, die wir erhalten - ob aktive Teile wie ICs, MCUs und Speicherchips oder passive Komponenten wie Kondensatoren, Widerst\u00e4nde und Induktoren - werden rigoros gepr\u00fcft, um die Konformit\u00e4t mit Kunden- und Herstellerspezifikationen zu verifizieren. Einige der von uns angewandten Methoden sind:<\/p>\t\t\t\t\t\t\t\t<\/div>\n\t\t\t\t\t<\/div>\n\t\t\t\t<\/div>\n\t\t<div class=\"elementor-element elementor-element-d583fd1 e-flex e-con-boxed e-con e-parent\" data-id=\"d583fd1\" data-element_type=\"container\">\n\t\t\t\t\t<div class=\"e-con-inner\">\n\t\t<div class=\"elementor-element elementor-element-0a774bd e-con-full e-flex e-con e-child\" data-id=\"0a774bd\" data-element_type=\"container\">\n\t\t\t\t<div class=\"elementor-element elementor-element-68ac5b4 elementor-widget__width-initial elementor-position-top elementor-widget elementor-widget-image-box\" data-id=\"68ac5b4\" data-element_type=\"widget\" data-widget_type=\"image-box.default\">\n\t\t\t\t\t<div class=\"elementor-image-box-wrapper\"><figure class=\"elementor-image-box-img\"><img fetchpriority=\"high\" decoding=\"async\" width=\"1356\" height=\"1052\" src=\"https:\/\/elecport.net\/wp-content\/uploads\/2025\/09\/solution-003.31565b6.jpg\" class=\"attachment-full size-full wp-image-514124\" alt=\"\" srcset=\"https:\/\/elecport.net\/wp-content\/uploads\/2025\/09\/solution-003.31565b6.jpg 1356w, https:\/\/elecport.net\/wp-content\/uploads\/2025\/09\/solution-003.31565b6-300x233.jpg 300w, https:\/\/elecport.net\/wp-content\/uploads\/2025\/09\/solution-003.31565b6-1024x794.jpg 1024w, https:\/\/elecport.net\/wp-content\/uploads\/2025\/09\/solution-003.31565b6-768x596.jpg 768w, https:\/\/elecport.net\/wp-content\/uploads\/2025\/09\/solution-003.31565b6-600x465.jpg 600w\" sizes=\"(max-width: 1356px) 100vw, 1356px\" \/><\/figure><div class=\"elementor-image-box-content\"><h3 class=\"elementor-image-box-title\">Kontrollierte Bezugsquellen<\/h3><p class=\"elementor-image-box-description\">Wir beziehen nur von Originalherstellern und autorisierten H\u00e4ndlern. Die Materialien werden nach Risikostufen kategorisiert und entsprechend gepr\u00fcft, um Qualit\u00e4tsprobleme von vornherein zu vermeiden.<\/p><\/div><\/div>\t\t\t\t<\/div>\n\t\t\t\t<div class=\"elementor-element elementor-element-038bc56 elementor-widget__width-initial elementor-position-top elementor-widget elementor-widget-image-box\" data-id=\"038bc56\" data-element_type=\"widget\" data-widget_type=\"image-box.default\">\n\t\t\t\t\t<div class=\"elementor-image-box-wrapper\"><figure class=\"elementor-image-box-img\"><img decoding=\"async\" width=\"850\" height=\"477\" src=\"https:\/\/elecport.net\/wp-content\/uploads\/2025\/09\/slider-8.9f620cb.jpg\" class=\"attachment-full size-full wp-image-514103\" alt=\"\" srcset=\"https:\/\/elecport.net\/wp-content\/uploads\/2025\/09\/slider-8.9f620cb.jpg 850w, https:\/\/elecport.net\/wp-content\/uploads\/2025\/09\/slider-8.9f620cb-300x168.jpg 300w, https:\/\/elecport.net\/wp-content\/uploads\/2025\/09\/slider-8.9f620cb-768x431.jpg 768w, https:\/\/elecport.net\/wp-content\/uploads\/2025\/09\/slider-8.9f620cb-600x337.jpg 600w\" sizes=\"(max-width: 850px) 100vw, 850px\" \/><\/figure><div class=\"elementor-image-box-content\"><h3 class=\"elementor-image-box-title\">Hausinternes Pr\u00fcflabor<\/h3><p class=\"elementor-image-box-description\">Ausgestattet mit professionellen Werkzeugen und Datensystemen unterst\u00fctzt unser Labor F\u00e4lschungsschutzpr\u00fcfungen, Fehleranalysen und Zuverl\u00e4ssigkeitstests, die alle den Industriestandards entsprechen.<\/p><\/div><\/div>\t\t\t\t<\/div>\n\t\t\t\t<div class=\"elementor-element elementor-element-4033914 elementor-widget__width-initial elementor-position-top elementor-widget elementor-widget-image-box\" data-id=\"4033914\" data-element_type=\"widget\" data-widget_type=\"image-box.default\">\n\t\t\t\t\t<div class=\"elementor-image-box-wrapper\"><figure class=\"elementor-image-box-img\"><img decoding=\"async\" width=\"1356\" height=\"1052\" src=\"https:\/\/elecport.net\/wp-content\/uploads\/2025\/09\/solution-002.fbeda44.jpg\" class=\"attachment-full size-full wp-image-514116\" alt=\"\" srcset=\"https:\/\/elecport.net\/wp-content\/uploads\/2025\/09\/solution-002.fbeda44.jpg 1356w, https:\/\/elecport.net\/wp-content\/uploads\/2025\/09\/solution-002.fbeda44-300x233.jpg 300w, https:\/\/elecport.net\/wp-content\/uploads\/2025\/09\/solution-002.fbeda44-1024x794.jpg 1024w, https:\/\/elecport.net\/wp-content\/uploads\/2025\/09\/solution-002.fbeda44-768x596.jpg 768w, https:\/\/elecport.net\/wp-content\/uploads\/2025\/09\/solution-002.fbeda44-600x465.jpg 600w\" sizes=\"(max-width: 1356px) 100vw, 1356px\" \/><\/figure><div class=\"elementor-image-box-content\"><h3 class=\"elementor-image-box-title\">Vollst\u00e4ndige Eingangsinspektion<\/h3><p class=\"elementor-image-box-description\">Jedes Teil wird vor der Einlagerung von unserem IQC-Team gepr\u00fcft. Die Tests erfolgen nach AS6081, GJB-548C, MIL-STD-883 und anderen globalen Standards, wobei die Ergebnisse anhand von Goldproben \u00fcberpr\u00fcft werden, um die Genauigkeit zu gew\u00e4hrleisten.<\/p><\/div><\/div>\t\t\t\t<\/div>\n\t\t\t\t<div class=\"elementor-element elementor-element-21b6f1b elementor-widget__width-initial elementor-position-top elementor-widget elementor-widget-image-box\" data-id=\"21b6f1b\" data-element_type=\"widget\" data-widget_type=\"image-box.default\">\n\t\t\t\t\t<div class=\"elementor-image-box-wrapper\"><figure class=\"elementor-image-box-img\"><img loading=\"lazy\" decoding=\"async\" width=\"850\" height=\"477\" src=\"https:\/\/elecport.net\/wp-content\/uploads\/2025\/09\/slider-10.dde9a9c.jpg\" class=\"attachment-full size-full wp-image-514109\" alt=\"\" srcset=\"https:\/\/elecport.net\/wp-content\/uploads\/2025\/09\/slider-10.dde9a9c.jpg 850w, https:\/\/elecport.net\/wp-content\/uploads\/2025\/09\/slider-10.dde9a9c-300x168.jpg 300w, https:\/\/elecport.net\/wp-content\/uploads\/2025\/09\/slider-10.dde9a9c-768x431.jpg 768w, https:\/\/elecport.net\/wp-content\/uploads\/2025\/09\/slider-10.dde9a9c-600x337.jpg 600w\" sizes=\"(max-width: 850px) 100vw, 850px\" \/><\/figure><div class=\"elementor-image-box-content\"><h3 class=\"elementor-image-box-title\">Digitale Qualit\u00e4tskontrolle<\/h3><p class=\"elementor-image-box-description\">Alle Inspektionsschritte sind digitalisiert und systemgepr\u00fcft, um Fehler zu vermeiden und eine vollst\u00e4ndige Prozesstransparenz und gleichbleibende Qualit\u00e4t in jeder Phase zu gew\u00e4hrleisten.<\/p><\/div><\/div>\t\t\t\t<\/div>\n\t\t\t\t<\/div>\n\t\t\t\t\t<\/div>\n\t\t\t\t<\/div>\n\t\t<div class=\"elementor-element elementor-element-ac0b99f e-flex e-con-boxed e-con e-parent\" data-id=\"ac0b99f\" data-element_type=\"container\">\n\t\t\t\t\t<div class=\"e-con-inner\">\n\t\t<div class=\"elementor-element elementor-element-8b4fb63 e-con-full e-flex e-con e-child\" data-id=\"8b4fb63\" data-element_type=\"container\" data-settings=\"{&quot;background_background&quot;:&quot;classic&quot;}\">\n\t\t\t\t<div class=\"elementor-element elementor-element-302b574 elementor-position-left elementor-view-default elementor-mobile-position-top elementor-widget elementor-widget-icon-box\" data-id=\"302b574\" data-element_type=\"widget\" data-widget_type=\"icon-box.default\">\n\t\t\t\t\t\t\t<div class=\"elementor-icon-box-wrapper\">\n\n\t\t\t\t\t\t<div class=\"elementor-icon-box-icon\">\n\t\t\t\t<span  class=\"elementor-icon\">\n\t\t\t\t<i aria-hidden=\"true\" class=\"xlwpf wppb-font-eye-on\"><\/i>\t\t\t\t<\/span>\n\t\t\t<\/div>\n\t\t\t\n\t\t\t\t\t\t<div class=\"elementor-icon-box-content\">\n\n\t\t\t\t\t\t\t\t\t<h3 class=\"elementor-icon-box-title\">\n\t\t\t\t\t\t<span  >\n\t\t\t\t\t\t\tVisuelle Inspektion\t\t\t\t\t\t<\/span>\n\t\t\t\t\t<\/h3>\n\t\t\t\t\n\t\t\t\t\t\t\t\t\t<p class=\"elementor-icon-box-description\">\n\t\t\t\t\t\tWird f\u00fcr Echtheitspr\u00fcfungen und DPA-Tests verwendet. Identifiziert Anzeichen von Oberfl\u00e4chenbeschichtungen, Vermerken, Beschichtungen, Verpackungsm\u00e4ngeln und Ma\u00dfabweichungen. Basiert auf AS6081 und MIL-STD-883.\t\t\t\t\t<\/p>\n\t\t\t\t\n\t\t\t<\/div>\n\t\t\t\n\t\t<\/div>\n\t\t\t\t\t\t<\/div>\n\t\t\t\t<\/div>\n\t\t<div class=\"elementor-element elementor-element-292e549 e-con-full e-flex e-con e-child\" data-id=\"292e549\" data-element_type=\"container\" data-settings=\"{&quot;background_background&quot;:&quot;classic&quot;}\">\n\t\t\t\t<div class=\"elementor-element elementor-element-de1d2ee elementor-position-left elementor-view-default elementor-mobile-position-top elementor-widget elementor-widget-icon-box\" data-id=\"de1d2ee\" data-element_type=\"widget\" data-widget_type=\"icon-box.default\">\n\t\t\t\t\t\t\t<div class=\"elementor-icon-box-wrapper\">\n\n\t\t\t\t\t\t<div class=\"elementor-icon-box-icon\">\n\t\t\t\t<span  class=\"elementor-icon\">\n\t\t\t\t<svg aria-hidden=\"true\" class=\"e-font-icon-svg e-fas-radiation-alt\" viewbox=\"0 0 496 512\" xmlns=\"http:\/\/www.w3.org\/2000\/svg\"><path d=\"M312 256h79.1c9.2 0 16.9-7.7 16-16.8-4.6-43.6-27-81.8-59.5-107.8-7.6-6.1-18.8-4.5-24 3.8L281.9 202c18 11.2 30.1 31.2 30.1 54zm-97.8 54.1L172.4 377c-4.9 7.8-2.4 18.4 5.8 22.5 21.1 10.4 44.7 16.5 69.8 16.5s48.7-6.1 69.9-16.5c8.2-4.1 10.6-14.7 5.8-22.5l-41.8-66.9c-9.8 6.2-21.4 9.9-33.8 9.9s-24.1-3.7-33.9-9.9zM104.9 256H184c0-22.8 12.1-42.8 30.2-54.1l-41.7-66.8c-5.2-8.3-16.4-9.9-24-3.8-32.6 26-54.9 64.2-59.5 107.8-1.1 9.2 6.7 16.9 15.9 16.9zM248 504c137 0 248-111 248-248S385 8 248 8 0 119 0 256s111 248 248 248zm0-432c101.5 0 184 82.5 184 184s-82.5 184-184 184S64 357.5 64 256 146.5 72 248 72zm0 216c17.7 0 32-14.3 32-32s-14.3-32-32-32-32 14.3-32 32 14.3 32 32 32z\"><\/path><\/svg>\t\t\t\t<\/span>\n\t\t\t<\/div>\n\t\t\t\n\t\t\t\t\t\t<div class=\"elementor-icon-box-content\">\n\n\t\t\t\t\t\t\t\t\t<h3 class=\"elementor-icon-box-title\">\n\t\t\t\t\t\t<span  >\n\t\t\t\t\t\t\tR\u00f6ntgeninspektion\t\t\t\t\t\t<\/span>\n\t\t\t\t\t<\/h3>\n\t\t\t\t\n\t\t\t\t\t\t\t\t\t<p class=\"elementor-icon-box-description\">\n\t\t\t\t\t\tErkennt interne Defekte wie Hohlr\u00e4ume, Verunreinigungen und Drahtbindungsprobleme. Wird auch f\u00fcr die Analyse von F\u00e4lschungen verwendet, indem die innere Struktur mit goldenen Mustern verglichen wird. Basiert auf MIL-STD-883 und GJB-548C.\t\t\t\t\t<\/p>\n\t\t\t\t\n\t\t\t<\/div>\n\t\t\t\n\t\t<\/div>\n\t\t\t\t\t\t<\/div>\n\t\t\t\t<\/div>\n\t\t<div class=\"elementor-element elementor-element-7c3347a e-con-full e-flex e-con e-child\" data-id=\"7c3347a\" data-element_type=\"container\" data-settings=\"{&quot;background_background&quot;:&quot;classic&quot;}\">\n\t\t\t\t<div class=\"elementor-element elementor-element-e84069e elementor-position-left elementor-view-default elementor-mobile-position-top elementor-widget elementor-widget-icon-box\" data-id=\"e84069e\" data-element_type=\"widget\" data-widget_type=\"icon-box.default\">\n\t\t\t\t\t\t\t<div class=\"elementor-icon-box-wrapper\">\n\n\t\t\t\t\t\t<div class=\"elementor-icon-box-icon\">\n\t\t\t\t<span  class=\"elementor-icon\">\n\t\t\t\t<i aria-hidden=\"true\" class=\"phl phlight-diamonds-four\"><\/i>\t\t\t\t<\/span>\n\t\t\t<\/div>\n\t\t\t\n\t\t\t\t\t\t<div class=\"elementor-icon-box-content\">\n\n\t\t\t\t\t\t\t\t\t<h3 class=\"elementor-icon-box-title\">\n\t\t\t\t\t\t<span  >\n\t\t\t\t\t\t\tEntkapselung (W\u00fcrfelanalyse)\t\t\t\t\t\t<\/span>\n\t\t\t\t\t<\/h3>\n\t\t\t\t\n\t\t\t\t\t\t\t\t\t<p class=\"elementor-icon-box-description\">\n\t\t\t\t\t\tLegt den Stumpf frei, um Markierungen, Struktur und m\u00f6gliche Sch\u00e4den zu \u00fcberpr\u00fcfen. Wird verwendet, um die Echtheit zu best\u00e4tigen und die Bonddr\u00e4hte und den Zustand der Matrize zu \u00fcberpr\u00fcfen. Basiert auf MIL-STD-883 und GJB-548C.\t\t\t\t\t<\/p>\n\t\t\t\t\n\t\t\t<\/div>\n\t\t\t\n\t\t<\/div>\n\t\t\t\t\t\t<\/div>\n\t\t\t\t<\/div>\n\t\t<div class=\"elementor-element elementor-element-65b2a4a e-con-full e-flex e-con e-child\" data-id=\"65b2a4a\" data-element_type=\"container\" data-settings=\"{&quot;background_background&quot;:&quot;classic&quot;}\">\n\t\t\t\t<div class=\"elementor-element elementor-element-d7dc4be elementor-position-left elementor-view-default elementor-mobile-position-top elementor-widget elementor-widget-icon-box\" data-id=\"d7dc4be\" data-element_type=\"widget\" data-widget_type=\"icon-box.default\">\n\t\t\t\t\t\t\t<div class=\"elementor-icon-box-wrapper\">\n\n\t\t\t\t\t\t<div class=\"elementor-icon-box-icon\">\n\t\t\t\t<span  class=\"elementor-icon\">\n\t\t\t\t<i aria-hidden=\"true\" class=\"xlio ion-md-apps\"><\/i>\t\t\t\t<\/span>\n\t\t\t<\/div>\n\t\t\t\n\t\t\t\t\t\t<div class=\"elementor-icon-box-content\">\n\n\t\t\t\t\t\t\t\t\t<h3 class=\"elementor-icon-box-title\">\n\t\t\t\t\t\t<span  >\n\t\t\t\t\t\t\tPr\u00fcfung der L\u00f6tbarkeit\t\t\t\t\t\t<\/span>\n\t\t\t\t\t<\/h3>\n\t\t\t\t\n\t\t\t\t\t\t\t\t\t<p class=\"elementor-icon-box-description\">\n\t\t\t\t\t\t\u00dcberpr\u00fcft die L\u00f6tbarkeit des Bauteils unter Standardbedingungen, um Risiken wie kaltes Lot, offene Schaltkreise oder trockene Verbindungen zu erkennen. Wird mit der Dip-and-Look-Methode durchgef\u00fchrt. Basiert auf J-STD.\t\t\t\t\t<\/p>\n\t\t\t\t\n\t\t\t<\/div>\n\t\t\t\n\t\t<\/div>\n\t\t\t\t\t\t<\/div>\n\t\t\t\t<\/div>\n\t\t<div class=\"elementor-element elementor-element-795a57f e-con-full e-flex e-con e-child\" data-id=\"795a57f\" data-element_type=\"container\" data-settings=\"{&quot;background_background&quot;:&quot;classic&quot;}\">\n\t\t\t\t<div class=\"elementor-element elementor-element-551a375 elementor-position-left elementor-view-default elementor-mobile-position-top elementor-widget elementor-widget-icon-box\" data-id=\"551a375\" data-element_type=\"widget\" data-widget_type=\"icon-box.default\">\n\t\t\t\t\t\t\t<div class=\"elementor-icon-box-wrapper\">\n\n\t\t\t\t\t\t<div class=\"elementor-icon-box-icon\">\n\t\t\t\t<span  class=\"elementor-icon\">\n\t\t\t\t<i aria-hidden=\"true\" class=\"phl phlight-test-tube\"><\/i>\t\t\t\t<\/span>\n\t\t\t<\/div>\n\t\t\t\n\t\t\t\t\t\t<div class=\"elementor-icon-box-content\">\n\n\t\t\t\t\t\t\t\t\t<h3 class=\"elementor-icon-box-title\">\n\t\t\t\t\t\t<span  >\n\t\t\t\t\t\t\tFunktionelle Pr\u00fcfung\t\t\t\t\t\t<\/span>\n\t\t\t\t\t<\/h3>\n\t\t\t\t\n\t\t\t\t\t\t\t\t\t<p class=\"elementor-icon-box-description\">\n\t\t\t\t\t\tErstellt Referenzschaltungen gem\u00e4\u00df den Datenbl\u00e4ttern, um die Funktionsparameter der Komponente unter realen Bedingungen zu testen. Basiert auf GJB-128B.\t\t\t\t\t<\/p>\n\t\t\t\t\n\t\t\t<\/div>\n\t\t\t\n\t\t<\/div>\n\t\t\t\t\t\t<\/div>\n\t\t\t\t<\/div>\n\t\t<div class=\"elementor-element elementor-element-7f6db04 e-con-full e-flex e-con e-child\" data-id=\"7f6db04\" data-element_type=\"container\" data-settings=\"{&quot;background_background&quot;:&quot;classic&quot;}\">\n\t\t\t\t<div class=\"elementor-element elementor-element-19983e8 elementor-position-left elementor-view-default elementor-mobile-position-top elementor-widget elementor-widget-icon-box\" data-id=\"19983e8\" data-element_type=\"widget\" data-widget_type=\"icon-box.default\">\n\t\t\t\t\t\t\t<div class=\"elementor-icon-box-wrapper\">\n\n\t\t\t\t\t\t<div class=\"elementor-icon-box-icon\">\n\t\t\t\t<span  class=\"elementor-icon\">\n\t\t\t\t<i aria-hidden=\"true\" class=\"phl phlight-google-podcasts-logo\"><\/i>\t\t\t\t<\/span>\n\t\t\t<\/div>\n\t\t\t\n\t\t\t\t\t\t<div class=\"elementor-icon-box-content\">\n\n\t\t\t\t\t\t\t\t\t<h3 class=\"elementor-icon-box-title\">\n\t\t\t\t\t\t<span  >\n\t\t\t\t\t\t\tPr\u00fcfung der elektrischen Eigenschaften\t\t\t\t\t\t<\/span>\n\t\t\t\t\t<\/h3>\n\t\t\t\t\n\t\t\t\t\t\t\t\t\t<p class=\"elementor-icon-box-description\">\n\t\t\t\t\t\tVerwendet Tools wie Halbleiteranalysatoren und Kurvenverfolger, um die Leistung anhand der Spezifikationen zu \u00fcberpr\u00fcfen und auf Kurzschl\u00fcsse, Unterbrechungen oder Impedanzprobleme zu achten. Basierend auf MIL-STD-883L-2019 3005.1.\t\t\t\t\t<\/p>\n\t\t\t\t\n\t\t\t<\/div>\n\t\t\t\n\t\t<\/div>\n\t\t\t\t\t\t<\/div>\n\t\t\t\t<\/div>\n\t\t<div class=\"elementor-element elementor-element-ed03720 e-con-full e-flex e-con e-child\" data-id=\"ed03720\" data-element_type=\"container\" data-settings=\"{&quot;background_background&quot;:&quot;classic&quot;}\">\n\t\t\t\t<div class=\"elementor-element elementor-element-dbada03 elementor-position-left elementor-view-default elementor-mobile-position-top elementor-widget elementor-widget-icon-box\" data-id=\"dbada03\" data-element_type=\"widget\" data-widget_type=\"icon-box.default\">\n\t\t\t\t\t\t\t<div class=\"elementor-icon-box-wrapper\">\n\n\t\t\t\t\t\t<div class=\"elementor-icon-box-icon\">\n\t\t\t\t<span  class=\"elementor-icon\">\n\t\t\t\t<i aria-hidden=\"true\" class=\"material-icons md-record_voice_over\"><\/i>\t\t\t\t<\/span>\n\t\t\t<\/div>\n\t\t\t\n\t\t\t\t\t\t<div class=\"elementor-icon-box-content\">\n\n\t\t\t\t\t\t\t\t\t<h3 class=\"elementor-icon-box-title\">\n\t\t\t\t\t\t<span  >\n\t\t\t\t\t\t\tUltraschall-Scanning (C-SAM)\t\t\t\t\t\t<\/span>\n\t\t\t\t\t<\/h3>\n\t\t\t\t\n\t\t\t\t\t\t\t\t\t<p class=\"elementor-icon-box-description\">\n\t\t\t\t\t\tEine zerst\u00f6rungsfreie Methode zur Erkennung von Delaminationen, Rissen und Hohlr\u00e4umen im Inneren des Chips. Weit verbreitet in der Zuverl\u00e4ssigkeits- und Fehleranalyse.\t\t\t\t\t<\/p>\n\t\t\t\t\n\t\t\t<\/div>\n\t\t\t\n\t\t<\/div>\n\t\t\t\t\t\t<\/div>\n\t\t\t\t<\/div>\n\t\t<div class=\"elementor-element elementor-element-cc01923 e-con-full e-flex e-con e-child\" data-id=\"cc01923\" data-element_type=\"container\" data-settings=\"{&quot;background_background&quot;:&quot;classic&quot;}\">\n\t\t\t\t<div class=\"elementor-element elementor-element-c0919df elementor-position-left elementor-view-default elementor-mobile-position-top elementor-widget elementor-widget-icon-box\" data-id=\"c0919df\" data-element_type=\"widget\" data-widget_type=\"icon-box.default\">\n\t\t\t\t\t\t\t<div class=\"elementor-icon-box-wrapper\">\n\n\t\t\t\t\t\t<div class=\"elementor-icon-box-icon\">\n\t\t\t\t<span  class=\"elementor-icon\">\n\t\t\t\t<i aria-hidden=\"true\" class=\"material-icons md-find_replace\"><\/i>\t\t\t\t<\/span>\n\t\t\t<\/div>\n\t\t\t\n\t\t\t\t\t\t<div class=\"elementor-icon-box-content\">\n\n\t\t\t\t\t\t\t\t\t<h3 class=\"elementor-icon-box-title\">\n\t\t\t\t\t\t<span  >\n\t\t\t\t\t\t\tSEM (Rasterelektronenmikroskopie)\t\t\t\t\t\t<\/span>\n\t\t\t\t\t<\/h3>\n\t\t\t\t\n\t\t\t\t\t\t\t\t\t<p class=\"elementor-icon-box-description\">\n\t\t\t\t\t\tAnalysiert die Oberfl\u00e4chenzusammensetzung und -struktur mit hoher Aufl\u00f6sung, um Materialanomalien oder strukturelle Defekte mithilfe von sekund\u00e4ren und r\u00fcckgestreuten Elektronen und R\u00f6ntgenstrahlen zu erkennen.\t\t\t\t\t<\/p>\n\t\t\t\t\n\t\t\t<\/div>\n\t\t\t\n\t\t<\/div>\n\t\t\t\t\t\t<\/div>\n\t\t\t\t<\/div>\n\t\t\t\t\t<\/div>\n\t\t\t\t<\/div>\n\t\t\t\t<\/div>","protected":false},"excerpt":{"rendered":"<p>Elec Port nutzt unser hauseigenes Labor und das Labor eines Drittanbieters, in dem wir eine Vielzahl von Dienstleistungen anbieten, die auf die Qualit\u00e4tssicherung elektronischer Komponenten zugeschnitten sind, einschlie\u00dflich der Erkennung von F\u00e4lschungen, der Qualit\u00e4tspr\u00fcfung und der Leistungsvalidierung. Alle elektronischen Komponenten, die wir erhalten - ob aktive Teile wie ICs, MCUs und Speicherchips oder passive Komponenten wie Kondensatoren, Widerst\u00e4nde und Induktoren - werden strengstens gepr\u00fcft, um [...]<\/p>","protected":false},"author":1,"featured_media":0,"parent":0,"menu_order":0,"comment_status":"closed","ping_status":"closed","template":"elementor_header_footer","meta":{"_acf_changed":false,"footnotes":""},"class_list":["post-20","page","type-page","status-publish","hentry"],"acf":[],"_hostinger_reach_plugin_has_subscription_block":false,"_hostinger_reach_plugin_is_elementor":false,"_links":{"self":[{"href":"https:\/\/elecport.net\/de\/wp-json\/wp\/v2\/pages\/20","targetHints":{"allow":["GET"]}}],"collection":[{"href":"https:\/\/elecport.net\/de\/wp-json\/wp\/v2\/pages"}],"about":[{"href":"https:\/\/elecport.net\/de\/wp-json\/wp\/v2\/types\/page"}],"author":[{"embeddable":true,"href":"https:\/\/elecport.net\/de\/wp-json\/wp\/v2\/users\/1"}],"replies":[{"embeddable":true,"href":"https:\/\/elecport.net\/de\/wp-json\/wp\/v2\/comments?post=20"}],"version-history":[{"count":25,"href":"https:\/\/elecport.net\/de\/wp-json\/wp\/v2\/pages\/20\/revisions"}],"predecessor-version":[{"id":705073,"href":"https:\/\/elecport.net\/de\/wp-json\/wp\/v2\/pages\/20\/revisions\/705073"}],"wp:attachment":[{"href":"https:\/\/elecport.net\/de\/wp-json\/wp\/v2\/media?parent=20"}],"curies":[{"name":"wp","href":"https:\/\/api.w.org\/{rel}","templated":true}]}}