{"id":18,"date":"2025-08-28T10:45:35","date_gmt":"2025-08-28T10:45:35","guid":{"rendered":"https:\/\/ivory-monkey-702922.hostingersite.com\/?page_id=18"},"modified":"2025-09-10T10:47:56","modified_gmt":"2025-09-10T10:47:56","slug":"dienstleistung","status":"publish","type":"page","link":"https:\/\/elecport.net\/de\/dienstleistung\/","title":{"rendered":"Dienst"},"content":{"rendered":"<div data-elementor-type=\"wp-page\" data-elementor-id=\"18\" class=\"elementor elementor-18\" data-elementor-post-type=\"page\">\n\t\t\t\t<div class=\"elementor-element elementor-element-8dd7106 e-flex e-con-boxed e-con e-parent\" data-id=\"8dd7106\" data-element_type=\"container\" data-settings=\"{&quot;background_background&quot;:&quot;classic&quot;}\">\n\t\t\t\t\t<div class=\"e-con-inner\">\n\t\t<div class=\"elementor-element elementor-element-e0bf585 e-con-full e-transform e-flex e-con e-child\" data-id=\"e0bf585\" data-element_type=\"container\" data-settings=\"{&quot;background_background&quot;:&quot;classic&quot;,&quot;position&quot;:&quot;absolute&quot;,&quot;_transform_skewX_effect&quot;:{&quot;unit&quot;:&quot;px&quot;,&quot;size&quot;:-40,&quot;sizes&quot;:[]},&quot;_transform_skewX_effect_tablet&quot;:{&quot;unit&quot;:&quot;deg&quot;,&quot;size&quot;:&quot;&quot;,&quot;sizes&quot;:[]},&quot;_transform_skewX_effect_mobile&quot;:{&quot;unit&quot;:&quot;deg&quot;,&quot;size&quot;:&quot;&quot;,&quot;sizes&quot;:[]},&quot;_transform_skewY_effect&quot;:{&quot;unit&quot;:&quot;px&quot;,&quot;size&quot;:&quot;&quot;,&quot;sizes&quot;:[]},&quot;_transform_skewY_effect_tablet&quot;:{&quot;unit&quot;:&quot;deg&quot;,&quot;size&quot;:&quot;&quot;,&quot;sizes&quot;:[]},&quot;_transform_skewY_effect_mobile&quot;:{&quot;unit&quot;:&quot;deg&quot;,&quot;size&quot;:&quot;&quot;,&quot;sizes&quot;:[]}}\">\n\t\t\t\t<\/div>\n\t\t<div class=\"elementor-element elementor-element-5eb6186 e-con-full e-transform e-flex e-con e-child\" data-id=\"5eb6186\" data-element_type=\"container\" data-settings=\"{&quot;background_background&quot;:&quot;classic&quot;,&quot;position&quot;:&quot;absolute&quot;,&quot;_transform_skewX_effect&quot;:{&quot;unit&quot;:&quot;px&quot;,&quot;size&quot;:-40,&quot;sizes&quot;:[]},&quot;_transform_skewX_effect_tablet&quot;:{&quot;unit&quot;:&quot;deg&quot;,&quot;size&quot;:&quot;&quot;,&quot;sizes&quot;:[]},&quot;_transform_skewX_effect_mobile&quot;:{&quot;unit&quot;:&quot;deg&quot;,&quot;size&quot;:&quot;&quot;,&quot;sizes&quot;:[]},&quot;_transform_skewY_effect&quot;:{&quot;unit&quot;:&quot;px&quot;,&quot;size&quot;:&quot;&quot;,&quot;sizes&quot;:[]},&quot;_transform_skewY_effect_tablet&quot;:{&quot;unit&quot;:&quot;deg&quot;,&quot;size&quot;:&quot;&quot;,&quot;sizes&quot;:[]},&quot;_transform_skewY_effect_mobile&quot;:{&quot;unit&quot;:&quot;deg&quot;,&quot;size&quot;:&quot;&quot;,&quot;sizes&quot;:[]}}\">\n\t\t\t\t<\/div>\n\t\t\t\t<div class=\"elementor-element elementor-element-302bcf1 elementor-widget__width-initial elementor-widget-mobile__width-initial elementor-invisible elementor-widget elementor-widget-heading\" data-id=\"302bcf1\" data-element_type=\"widget\" data-settings=\"{&quot;_animation&quot;:&quot;fadeInLeft&quot;}\" data-widget_type=\"heading.default\">\n\t\t\t\t\t<h2 class=\"elementor-heading-title elementor-size-default\">Dienst<\/h2>\t\t\t\t<\/div>\n\t\t\t\t\t<\/div>\n\t\t\t\t<\/div>\n\t\t<div class=\"elementor-element elementor-element-3a818a5 e-flex e-con-boxed e-con e-parent\" data-id=\"3a818a5\" data-element_type=\"container\">\n\t\t\t\t\t<div class=\"e-con-inner\">\n\t\t\t\t<div class=\"elementor-element elementor-element-bdb1b14 elementor-widget elementor-widget-heading\" data-id=\"bdb1b14\" data-element_type=\"widget\" data-widget_type=\"heading.default\">\n\t\t\t\t\t<h2 class=\"elementor-heading-title elementor-size-default\">Unternehmerische Verantwortung<\/h2>\t\t\t\t<\/div>\n\t\t\t\t<div class=\"elementor-element elementor-element-ba87107 elementor-widget__width-initial elementor-widget elementor-widget-text-editor\" data-id=\"ba87107\" data-element_type=\"widget\" data-widget_type=\"text-editor.default\">\n\t\t\t\t\t\t\t\t\t<p>Als unabh\u00e4ngiger Distributor kann Elec Port die Komponenten, die Sie ben\u00f6tigen, aus der ganzen Welt zum g\u00fcnstigsten Preis einkaufen und schnell die Brancheninformationen erfassen, die Kan\u00e4le erkennen und eng mit den Kunden in Kontakt treten. Durch die Integration von professionellen Channel-Informationen, um sicherzustellen, dass die Kunden zum besten Preis zur richtigen Zeit zu kaufen, um so die Sicherheit der Lieferkette zu gew\u00e4hrleisten und gleichzeitig effektiv die Kosten zu kontrollieren. Unser Unternehmen hat globale Supply-Chain-Partner mit langj\u00e4hriger Erfahrung im Handel, vor allem auf Supply-Chain-Integration.Wir werden unsere B\u00fcros in allen Regionen zu erweitern, werden wir kontinuierlich und haben das Recht, Sie mit der notwendigen Hilfe bieten, werden wir auch relevantes Personal, das gesch\u00e4ftliche Entscheidungen treffen, mit Ihnen zu kommunizieren. Mit langj\u00e4hriger Erfahrung garantiert Elec Port, dass die bei uns gekauften Teile bei normalem Gebrauch durch den Verbraucher keine Material- und Verarbeitungsfehler aufweisen. Die Garantiewirkung ab dem Kauftag kann bis zu 365 Tage lang sein.<\/p>\t\t\t\t\t\t\t\t<\/div>\n\t\t\t\t<div class=\"elementor-element elementor-element-03a792e elementor-widget elementor-widget-heading\" data-id=\"03a792e\" data-element_type=\"widget\" data-widget_type=\"heading.default\">\n\t\t\t\t\t<h2 class=\"elementor-heading-title elementor-size-default\">Bereich Kundenservice<\/h2>\t\t\t\t<\/div>\n\t\t\t\t\t<\/div>\n\t\t\t\t<\/div>\n\t\t<div class=\"elementor-element elementor-element-5e2add4 e-flex e-con-boxed e-con e-parent\" data-id=\"5e2add4\" data-element_type=\"container\">\n\t\t\t\t\t<div class=\"e-con-inner\">\n\t\t<div class=\"elementor-element elementor-element-5bf0054 e-con-full e-flex e-con e-child\" data-id=\"5bf0054\" data-element_type=\"container\">\n\t\t<div class=\"elementor-element elementor-element-0fa0630 e-con-full e-flex e-con e-child\" data-id=\"0fa0630\" data-element_type=\"container\" data-settings=\"{&quot;background_background&quot;:&quot;classic&quot;}\">\n\t\t\t\t<\/div>\n\t\t<div class=\"elementor-element elementor-element-8afb6e7 e-con-full e-flex e-con e-child\" data-id=\"8afb6e7\" data-element_type=\"container\" data-settings=\"{&quot;background_background&quot;:&quot;classic&quot;,&quot;position&quot;:&quot;absolute&quot;}\">\n\t\t\t\t<\/div>\n\t\t\t\t<\/div>\n\t\t<div class=\"elementor-element elementor-element-9348409 e-con-full e-flex e-con e-child\" data-id=\"9348409\" data-element_type=\"container\">\n\t\t\t\t<div class=\"elementor-element elementor-element-e3d6784 elementor-widget elementor-widget-heading\" data-id=\"e3d6784\" data-element_type=\"widget\" data-widget_type=\"heading.default\">\n\t\t\t\t\t<h2 class=\"elementor-heading-title elementor-size-default\">Medizin Gesundheitswesen &amp; Umwelt Energie<\/h2>\t\t\t\t<\/div>\n\t\t\t\t<div class=\"elementor-element elementor-element-a01577a elementor-widget__width-initial elementor-widget elementor-widget-text-editor\" data-id=\"a01577a\" data-element_type=\"widget\" data-widget_type=\"text-editor.default\">\n\t\t\t\t\t\t\t\t\tF\u00fcr ein besseres Leben und Gesundheit Energie sparen.\t\t\t\t\t\t\t\t<\/div>\n\t\t\t\t<\/div>\n\t\t\t\t\t<\/div>\n\t\t\t\t<\/div>\n\t\t<div class=\"elementor-element elementor-element-e51c920 e-flex e-con-boxed e-con e-parent\" data-id=\"e51c920\" data-element_type=\"container\">\n\t\t\t\t\t<div class=\"e-con-inner\">\n\t\t<div class=\"elementor-element elementor-element-ccf4b6e e-con-full e-flex e-con e-child\" data-id=\"ccf4b6e\" data-element_type=\"container\">\n\t\t\t\t<div class=\"elementor-element elementor-element-d9cee85 elementor-widget elementor-widget-heading\" data-id=\"d9cee85\" data-element_type=\"widget\" data-widget_type=\"heading.default\">\n\t\t\t\t\t<h2 class=\"elementor-heading-title elementor-size-default\">Automatik und Unterhaltungselektronik<\/h2>\t\t\t\t<\/div>\n\t\t\t\t<div class=\"elementor-element elementor-element-3362cc4 elementor-widget__width-initial elementor-widget elementor-widget-text-editor\" data-id=\"3362cc4\" data-element_type=\"widget\" data-widget_type=\"text-editor.default\">\n\t\t\t\t\t\t\t\t\tEinfach &amp; Verbinden Sie das t\u00e4gliche Leben. Erweitern Sie unsere Vision und pers\u00f6nliche Erfahrung. Wie Roboter, VR etc.\t\t\t\t\t\t\t\t<\/div>\n\t\t\t\t<\/div>\n\t\t<div class=\"elementor-element elementor-element-da1987b e-con-full e-flex e-con e-child\" data-id=\"da1987b\" data-element_type=\"container\">\n\t\t<div class=\"elementor-element elementor-element-86360d7 e-con-full e-flex e-con e-child\" data-id=\"86360d7\" data-element_type=\"container\" data-settings=\"{&quot;background_background&quot;:&quot;classic&quot;}\">\n\t\t\t\t<\/div>\n\t\t<div class=\"elementor-element elementor-element-3e9df8c e-con-full e-flex e-con e-child\" data-id=\"3e9df8c\" data-element_type=\"container\" data-settings=\"{&quot;background_background&quot;:&quot;classic&quot;,&quot;position&quot;:&quot;absolute&quot;}\">\n\t\t\t\t<\/div>\n\t\t\t\t<\/div>\n\t\t\t\t\t<\/div>\n\t\t\t\t<\/div>\n\t\t<div class=\"elementor-element elementor-element-5f601ae e-flex e-con-boxed e-con e-parent\" data-id=\"5f601ae\" data-element_type=\"container\">\n\t\t\t\t\t<div class=\"e-con-inner\">\n\t\t<div class=\"elementor-element elementor-element-e8878b4 e-con-full e-flex e-con e-child\" data-id=\"e8878b4\" data-element_type=\"container\">\n\t\t<div class=\"elementor-element elementor-element-8a1b467 e-con-full e-flex e-con e-child\" data-id=\"8a1b467\" data-element_type=\"container\" data-settings=\"{&quot;background_background&quot;:&quot;classic&quot;}\">\n\t\t\t\t<\/div>\n\t\t<div class=\"elementor-element elementor-element-24ac828 e-con-full e-flex e-con e-child\" data-id=\"24ac828\" data-element_type=\"container\" data-settings=\"{&quot;background_background&quot;:&quot;classic&quot;,&quot;position&quot;:&quot;absolute&quot;}\">\n\t\t\t\t<\/div>\n\t\t\t\t<\/div>\n\t\t<div class=\"elementor-element elementor-element-9d7a186 e-con-full e-flex e-con e-child\" data-id=\"9d7a186\" data-element_type=\"container\">\n\t\t\t\t<div class=\"elementor-element elementor-element-5f18f9c elementor-widget elementor-widget-heading\" data-id=\"5f18f9c\" data-element_type=\"widget\" data-widget_type=\"heading.default\">\n\t\t\t\t\t<h2 class=\"elementor-heading-title elementor-size-default\">Steuerungssystem &amp; Milit\u00e4r - Luft- und Raumfahrt<\/h2>\t\t\t\t<\/div>\n\t\t\t\t<div class=\"elementor-element elementor-element-827d453 elementor-widget__width-initial elementor-widget elementor-widget-text-editor\" data-id=\"827d453\" data-element_type=\"widget\" data-widget_type=\"text-editor.default\">\n\t\t\t\t\t\t\t\t\tHightech, unser Sicherheitsmanagement und die Erkundung der geheimnisvollen Welt.\n\n\t\t\t\t\t\t\t\t<\/div>\n\t\t\t\t<\/div>\n\t\t\t\t\t<\/div>\n\t\t\t\t<\/div>\n\t\t<div class=\"elementor-element elementor-element-38ce487 e-flex e-con-boxed e-con e-parent\" data-id=\"38ce487\" data-element_type=\"container\">\n\t\t\t\t\t<div class=\"e-con-inner\">\n\t\t<div class=\"elementor-element elementor-element-4d8c4be e-con-full e-flex e-con e-child\" data-id=\"4d8c4be\" data-element_type=\"container\">\n\t\t\t\t<div class=\"elementor-element elementor-element-bbe76d9 elementor-widget elementor-widget-heading\" data-id=\"bbe76d9\" data-element_type=\"widget\" data-widget_type=\"heading.default\">\n\t\t\t\t\t<h2 class=\"elementor-heading-title elementor-size-default\">IoT &amp; Telekommunikation<\/h2>\t\t\t\t<\/div>\n\t\t\t\t<div class=\"elementor-element elementor-element-6c3cb53 elementor-widget__width-initial elementor-widget elementor-widget-text-editor\" data-id=\"6c3cb53\" data-element_type=\"widget\" data-widget_type=\"text-editor.default\">\n\t\t\t\t\t\t\t\t\t<p>Neue Ideen auf der Grundlage von Internet, Sensoren, 5G und eingebetteter Technologie verbessern sich.<\/p>\t\t\t\t\t\t\t\t<\/div>\n\t\t\t\t<\/div>\n\t\t<div class=\"elementor-element elementor-element-bee68ed e-con-full e-flex e-con e-child\" data-id=\"bee68ed\" data-element_type=\"container\">\n\t\t<div class=\"elementor-element elementor-element-0ac5ffb e-con-full e-flex e-con e-child\" data-id=\"0ac5ffb\" data-element_type=\"container\" data-settings=\"{&quot;background_background&quot;:&quot;classic&quot;}\">\n\t\t\t\t<\/div>\n\t\t<div class=\"elementor-element elementor-element-9735184 e-con-full e-flex e-con e-child\" data-id=\"9735184\" data-element_type=\"container\" data-settings=\"{&quot;background_background&quot;:&quot;classic&quot;,&quot;position&quot;:&quot;absolute&quot;}\">\n\t\t\t\t<\/div>\n\t\t\t\t<\/div>\n\t\t\t\t\t<\/div>\n\t\t\t\t<\/div>\n\t\t\t\t<\/div>","protected":false},"excerpt":{"rendered":"<p>Unternehmensverantwortung Als unabh\u00e4ngiger Distributor kann Elec Port die von Ihnen ben\u00f6tigten Komponenten aus der ganzen Welt zum wettbewerbsf\u00e4higsten Preis einkaufen und schnell die Brancheninformationen erfassen, die Kan\u00e4le erkennen und eng mit den Kunden in Kontakt treten. Durch die Integration von professionellen Kanal Informationen, um sicherzustellen, dass die Kunden zum besten Preis zu kaufen [...]<\/p>","protected":false},"author":1,"featured_media":0,"parent":0,"menu_order":0,"comment_status":"closed","ping_status":"closed","template":"elementor_header_footer","meta":{"_acf_changed":false,"footnotes":""},"class_list":["post-18","page","type-page","status-publish","hentry"],"acf":[],"_hostinger_reach_plugin_has_subscription_block":false,"_hostinger_reach_plugin_is_elementor":false,"_links":{"self":[{"href":"https:\/\/elecport.net\/de\/wp-json\/wp\/v2\/pages\/18","targetHints":{"allow":["GET"]}}],"collection":[{"href":"https:\/\/elecport.net\/de\/wp-json\/wp\/v2\/pages"}],"about":[{"href":"https:\/\/elecport.net\/de\/wp-json\/wp\/v2\/types\/page"}],"author":[{"embeddable":true,"href":"https:\/\/elecport.net\/de\/wp-json\/wp\/v2\/users\/1"}],"replies":[{"embeddable":true,"href":"https:\/\/elecport.net\/de\/wp-json\/wp\/v2\/comments?post=18"}],"version-history":[{"count":19,"href":"https:\/\/elecport.net\/de\/wp-json\/wp\/v2\/pages\/18\/revisions"}],"predecessor-version":[{"id":705123,"href":"https:\/\/elecport.net\/de\/wp-json\/wp\/v2\/pages\/18\/revisions\/705123"}],"wp:attachment":[{"href":"https:\/\/elecport.net\/de\/wp-json\/wp\/v2\/media?parent=18"}],"curies":[{"name":"wp","href":"https:\/\/api.w.org\/{rel}","templated":true}]}}