{"id":11,"date":"2025-08-28T10:44:47","date_gmt":"2025-08-28T10:44:47","guid":{"rendered":"https:\/\/ivory-monkey-702922.hostingersite.com\/?page_id=11"},"modified":"2025-09-10T10:47:10","modified_gmt":"2025-09-10T10:47:10","slug":"uber-uns","status":"publish","type":"page","link":"https:\/\/elecport.net\/de\/uber-uns\/","title":{"rendered":"\u00dcber uns"},"content":{"rendered":"<div data-elementor-type=\"wp-page\" data-elementor-id=\"11\" class=\"elementor elementor-11\" data-elementor-post-type=\"page\">\n\t\t\t\t<div class=\"elementor-element elementor-element-c53183e e-flex e-con-boxed e-con e-parent\" data-id=\"c53183e\" data-element_type=\"container\" data-settings=\"{&quot;background_background&quot;:&quot;classic&quot;}\">\n\t\t\t\t\t<div class=\"e-con-inner\">\n\t\t<div class=\"elementor-element elementor-element-4c3ce98 e-con-full e-transform e-flex e-con e-child\" data-id=\"4c3ce98\" data-element_type=\"container\" data-settings=\"{&quot;background_background&quot;:&quot;classic&quot;,&quot;position&quot;:&quot;absolute&quot;,&quot;_transform_skewX_effect&quot;:{&quot;unit&quot;:&quot;px&quot;,&quot;size&quot;:-40,&quot;sizes&quot;:[]},&quot;_transform_skewX_effect_tablet&quot;:{&quot;unit&quot;:&quot;deg&quot;,&quot;size&quot;:&quot;&quot;,&quot;sizes&quot;:[]},&quot;_transform_skewX_effect_mobile&quot;:{&quot;unit&quot;:&quot;deg&quot;,&quot;size&quot;:&quot;&quot;,&quot;sizes&quot;:[]},&quot;_transform_skewY_effect&quot;:{&quot;unit&quot;:&quot;px&quot;,&quot;size&quot;:&quot;&quot;,&quot;sizes&quot;:[]},&quot;_transform_skewY_effect_tablet&quot;:{&quot;unit&quot;:&quot;deg&quot;,&quot;size&quot;:&quot;&quot;,&quot;sizes&quot;:[]},&quot;_transform_skewY_effect_mobile&quot;:{&quot;unit&quot;:&quot;deg&quot;,&quot;size&quot;:&quot;&quot;,&quot;sizes&quot;:[]}}\">\n\t\t\t\t<\/div>\n\t\t<div class=\"elementor-element elementor-element-86d03a1 e-con-full e-transform e-flex e-con e-child\" data-id=\"86d03a1\" data-element_type=\"container\" data-settings=\"{&quot;background_background&quot;:&quot;classic&quot;,&quot;position&quot;:&quot;absolute&quot;,&quot;_transform_skewX_effect&quot;:{&quot;unit&quot;:&quot;px&quot;,&quot;size&quot;:-40,&quot;sizes&quot;:[]},&quot;_transform_skewX_effect_tablet&quot;:{&quot;unit&quot;:&quot;deg&quot;,&quot;size&quot;:&quot;&quot;,&quot;sizes&quot;:[]},&quot;_transform_skewX_effect_mobile&quot;:{&quot;unit&quot;:&quot;deg&quot;,&quot;size&quot;:&quot;&quot;,&quot;sizes&quot;:[]},&quot;_transform_skewY_effect&quot;:{&quot;unit&quot;:&quot;px&quot;,&quot;size&quot;:&quot;&quot;,&quot;sizes&quot;:[]},&quot;_transform_skewY_effect_tablet&quot;:{&quot;unit&quot;:&quot;deg&quot;,&quot;size&quot;:&quot;&quot;,&quot;sizes&quot;:[]},&quot;_transform_skewY_effect_mobile&quot;:{&quot;unit&quot;:&quot;deg&quot;,&quot;size&quot;:&quot;&quot;,&quot;sizes&quot;:[]}}\">\n\t\t\t\t<\/div>\n\t\t\t\t<div class=\"elementor-element elementor-element-7d1b256 elementor-widget__width-initial elementor-widget-mobile__width-initial elementor-invisible elementor-widget elementor-widget-heading\" data-id=\"7d1b256\" data-element_type=\"widget\" data-settings=\"{&quot;_animation&quot;:&quot;fadeInLeft&quot;}\" data-widget_type=\"heading.default\">\n\t\t\t\t\t<h2 class=\"elementor-heading-title elementor-size-default\">\u00dcber uns<\/h2>\t\t\t\t<\/div>\n\t\t\t\t\t<\/div>\n\t\t\t\t<\/div>\n\t\t<div class=\"elementor-element elementor-element-2549ccd e-flex e-con-boxed e-con e-parent\" data-id=\"2549ccd\" data-element_type=\"container\">\n\t\t\t\t\t<div class=\"e-con-inner\">\n\t\t\t\t<div class=\"elementor-element elementor-element-ed9aea6 elementor-widget elementor-widget-heading\" data-id=\"ed9aea6\" data-element_type=\"widget\" data-widget_type=\"heading.default\">\n\t\t\t\t\t<h2 class=\"elementor-heading-title elementor-size-default\">Firmenprofil<\/h2>\t\t\t\t<\/div>\n\t\t\t\t<div class=\"elementor-element elementor-element-9fb7e94 elementor-widget__width-initial elementor-widget elementor-widget-text-editor\" data-id=\"9fb7e94\" data-element_type=\"widget\" data-widget_type=\"text-editor.default\">\n\t\t\t\t\t\t\t\t\t<p>Seit seiner Gr\u00fcndung im Jahr 2016 ist Elec Port ein zuverl\u00e4ssiger Partner f\u00fcr Distributoren, OEMs und ODMs weltweit und bietet konsistente Unterst\u00fctzung in der globalen Lieferkette. Wir haben uns auf den Vertrieb einer breiten Palette von elektronischen Komponenten spezialisiert und sind als vertrauensw\u00fcrdige Quelle f\u00fcr hochwertige Teile anerkannt.<\/p><p>Unser Portfolio umfasst aktive Komponenten (ICs, MCUs, Speicherchips, Dioden, Transistoren usw.) und passive Komponenten (Kondensatoren, Widerst\u00e4nde, Induktoren usw.). Durch unser umfangreiches Netz qualifizierter Lieferanten in ganz Asien sind wir in der Lage, zugewiesene, veraltete und schwer zu findende Teile zu \u00e4u\u00dferst wettbewerbsf\u00e4higen Preisen zu sichern.<\/p><p>Wir beliefern Kunden in den Bereichen Handel, Medizin, Industrie, k\u00fcnstliche Intelligenz und Verteidigung\/Luft- und Raumfahrt mit Komponenten und Hardwarel\u00f6sungen auf Leiterplattenebene. Insbesondere bieten wir hochleistungsf\u00e4hige Chips und zuverl\u00e4ssige Teile f\u00fcr die n\u00e4chste Generation von KI-Anwendungen.<\/p><p>Unser Auftrag: Jedem Kunden einen zuverl\u00e4ssigen Zugang zu hochwertigen elektronischen Bauteilen zu erm\u00f6glichen.<\/p>\t\t\t\t\t\t\t\t<\/div>\n\t\t\t\t\t<\/div>\n\t\t\t\t<\/div>\n\t\t<div class=\"elementor-element elementor-element-31374b7 e-flex e-con-boxed e-con e-parent\" data-id=\"31374b7\" data-element_type=\"container\" data-settings=\"{&quot;background_background&quot;:&quot;classic&quot;}\">\n\t\t\t\t\t<div class=\"e-con-inner\">\n\t\t\t\t<div class=\"elementor-element elementor-element-ed3c873 elementor-widget elementor-widget-heading\" data-id=\"ed3c873\" data-element_type=\"widget\" data-widget_type=\"heading.default\">\n\t\t\t\t\t<h2 class=\"elementor-heading-title elementor-size-default\">Ihr zuverl\u00e4ssiger Partner in Asien<\/h2>\t\t\t\t<\/div>\n\t\t\t\t<div class=\"elementor-element elementor-element-b78c32d elementor-widget__width-initial elementor-widget elementor-widget-text-editor\" data-id=\"b78c32d\" data-element_type=\"widget\" data-widget_type=\"text-editor.default\">\n\t\t\t\t\t\t\t\t\t<p>Seit unserer Gr\u00fcndung im Jahr 2016 hat sich Elec Port dazu verpflichtet, ein zuverl\u00e4ssiger Partner f\u00fcr Distributoren, OEMs und ODMs weltweit zu sein. Wir sind stolz auf unsere F\u00e4higkeit, nicht nur Ihren vielf\u00e4ltigen Bedarf an elektronischen Komponenten (von aktiven Bauteilen wie ICs, MCUs, Speicherchips, Dioden und Transistoren bis hin zu passiven Komponenten wie Kondensatoren, Widerst\u00e4nden und Induktoren) erfolgreich zu erf\u00fcllen, sondern auch Ihre Erwartungen in der gesamten globalen Lieferkette zu \u00fcbertreffen. Unser Team orientiert sich an den einzigartigen Anforderungen von Kunden aus den Bereichen Handel, Medizin, Industrie, k\u00fcnstliche Intelligenz und Verteidigung\/Luft- und Raumfahrt. Unser Ziel ist es, jedem Kunden einen zuverl\u00e4ssigen Zugang zu hochwertigen elektronischen Komponenten zu gew\u00e4hrleisten. Wenn Sie vor der Herausforderung stehen, veraltete oder schwer zu findende Teile zu beschaffen, kein stabiles Netzwerk von qualifizierten Lieferanten in ganz Asien haben, leistungsstarke Chips f\u00fcr KI-Anwendungen der n\u00e4chsten Generation ben\u00f6tigen oder einfach nur \u00e4u\u00dferst wettbewerbsf\u00e4hige Preise f\u00fcr zugewiesene Komponenten suchen - geben Sie Elec Port eine Chance. Elec Port kann Ihr zuverl\u00e4ssiger Verb\u00fcndeter sein, um die Komplexit\u00e4t der Lieferkette f\u00fcr elektronische Komponenten zu bew\u00e4ltigen!<\/p>\t\t\t\t\t\t\t\t<\/div>\n\t\t\t\t\t<\/div>\n\t\t\t\t<\/div>\n\t\t\t\t<\/div>","protected":false},"excerpt":{"rendered":"<p>Unternehmensprofil Seit der Gr\u00fcndung im Jahr 2016 ist Elec Port ein zuverl\u00e4ssiger Partner f\u00fcr Distributoren, OEMs und ODMs auf der ganzen Welt und bietet konsistente Unterst\u00fctzung in der globalen Lieferkette. Wir haben uns auf den Vertrieb einer breiten Palette von elektronischen Komponenten spezialisiert und sind als vertrauensw\u00fcrdige Quelle f\u00fcr qualitativ hochwertige Teile anerkannt. Unser Portfolio umfasst aktive Komponenten (ICs, MCUs, [...]<\/p>","protected":false},"author":1,"featured_media":0,"parent":0,"menu_order":0,"comment_status":"closed","ping_status":"closed","template":"elementor_header_footer","meta":{"_acf_changed":false,"footnotes":""},"class_list":["post-11","page","type-page","status-publish","hentry"],"acf":[],"_hostinger_reach_plugin_has_subscription_block":false,"_hostinger_reach_plugin_is_elementor":false,"_links":{"self":[{"href":"https:\/\/elecport.net\/de\/wp-json\/wp\/v2\/pages\/11","targetHints":{"allow":["GET"]}}],"collection":[{"href":"https:\/\/elecport.net\/de\/wp-json\/wp\/v2\/pages"}],"about":[{"href":"https:\/\/elecport.net\/de\/wp-json\/wp\/v2\/types\/page"}],"author":[{"embeddable":true,"href":"https:\/\/elecport.net\/de\/wp-json\/wp\/v2\/users\/1"}],"replies":[{"embeddable":true,"href":"https:\/\/elecport.net\/de\/wp-json\/wp\/v2\/comments?post=11"}],"version-history":[{"count":43,"href":"https:\/\/elecport.net\/de\/wp-json\/wp\/v2\/pages\/11\/revisions"}],"predecessor-version":[{"id":705104,"href":"https:\/\/elecport.net\/de\/wp-json\/wp\/v2\/pages\/11\/revisions\/705104"}],"wp:attachment":[{"href":"https:\/\/elecport.net\/de\/wp-json\/wp\/v2\/media?parent=11"}],"curies":[{"name":"wp","href":"https:\/\/api.w.org\/{rel}","templated":true}]}}